{"id":2210,"date":"2024-01-10T00:26:10","date_gmt":"2024-01-09T21:26:10","guid":{"rendered":"https:\/\/ensoinn.com\/en\/?page_id=2210"},"modified":"2024-01-14T22:35:46","modified_gmt":"2024-01-14T19:35:46","slug":"kayakoy","status":"publish","type":"page","link":"https:\/\/ensoinn.com\/en\/kayakoy\/","title":{"rendered":"Kayak\u00f6y"},"content":{"rendered":"<div class=\"wpb-content-wrapper\"><p>[vc_row content_placement=&#8221;middle&#8221; css=&#8221;.vc_custom_1568896184714{margin-right: 0px !important;margin-left: 0px !important;padding-bottom: 80px !important;}&#8221;][vc_column parallax=&#8221;content-moving&#8221; parallax_image=&#8221;2200&#8243; width=&#8221;1\/2&#8243; css=&#8221;.vc_custom_1704835553952{margin-top: -60px !important;margin-right: 0px !important;padding-top: 200px !important;padding-right: 0px !important;padding-bottom: 200px !important;}&#8221;][\/vc_column][vc_column width=&#8221;1\/2&#8243; css=&#8221;.vc_custom_1565094314911{padding-top: 140px !important;padding-right: 80px !important;padding-bottom: 130px !important;padding-left: 80px !important;background-color: #ffffff !important;}&#8221;]<div id=\"ultimate-heading-287169f02e425b819\" class=\"uvc-heading ult-adjust-bottom-margin ultimate-heading-287169f02e425b819 uvc-2930  uvc-heading-default-font-sizes\" data-hspacer=\"no_spacer\"  data-halign=\"left\" style=\"text-align:left\"><div class=\"uvc-heading-spacer no_spacer\" style=\"top\"><\/div><div class=\"uvc-main-heading ult-responsive\"  data-ultimate-target='.uvc-heading.ultimate-heading-287169f02e425b819 h2'  data-responsive-json-new='{\"font-size\":\"\",\"line-height\":\"\"}' ><h2 style=\"--font-weight:theme;margin-bottom:35px;\">Kayak\u00f6y<\/h2><\/div><div class=\"uvc-sub-heading ult-responsive\"  data-ultimate-target='.uvc-heading.ultimate-heading-287169f02e425b819 .uvc-sub-heading '  data-responsive-json-new='{\"font-size\":\"\",\"line-height\":\"\"}'  style=\"font-weight:normal;\">Kayak\u00f6y, located in the west of Turkey within the district of Fethiye, is a historic village with a former name, <a href=\"https:\/\/www.bbc.com\/travel\/article\/20140626-turkeys-religious-ghost-town\" target=\"_blank\" rel=\"noopener\">&#8220;Levissi&#8221;<\/a>. Abandoned and turned into ruins after the population exchange of approximately 1923, this region once thrived as a Greek settlement. In the late 1800s and early 1900s, the village had a population of nearly 10,000, and today, it bears the traces of empty houses, churches, and narrow streets.<\/p>\n<p>Kayak\u00f6y holds a captivating history, serving as a place where Greeks and Turks coexisted for a long time, embracing various cultures and religions. Each stone, church, and house here has a unique story to tell.<\/p>\n<p>The historical structures and streets showcase the imprints of the past, even though Kayak\u00f6y has weathered the natural processes over the years, still preserving the atmosphere and traces of that era.<\/p>\n<p>As a historical settlement, it captivates visitors with its tranquility, natural beauty, and historical texture. Spending time in Kayak\u00f6y, away from the hustle and bustle of the city and surrounded by nature, offers an unforgettable experience. Each stone narrates a tale, allowing visitors to immerse themselves in the fabric of history.<\/p>\n<p>Our hotel, located just 1.1 km from Kayak\u00f6y, is within a 15-minute walking distance. <a href=\"https:\/\/ensoinn.com\/en\/index.php\/book-now\/\">Book now and indulge in the privilege of exploring Kayak\u00f6y!<\/a><\/div><\/div>[\/vc_column][\/vc_row][vc_row disable_element=&#8221;yes&#8221;][vc_column]<div id=\"ultimate-heading-793169f02e425b94c\" class=\"uvc-heading ult-adjust-bottom-margin ultimate-heading-793169f02e425b94c uvc-5814  uvc-heading-default-font-sizes\" data-hspacer=\"no_spacer\"  data-halign=\"center\" style=\"text-align:center\"><div class=\"uvc-heading-spacer no_spacer\" style=\"top\"><\/div><div class=\"uvc-main-heading ult-responsive\"  data-ultimate-target='.uvc-heading.ultimate-heading-793169f02e425b94c h2'  data-responsive-json-new='{\"font-size\":\"\",\"line-height\":\"\"}' ><h2 style=\"--font-weight:theme;margin-bottom:50px;\">Why You'll Love ensoinn Hotel<\/h2><\/div><\/div>[vc_row_inner][vc_column_inner width=&#8221;1\/4&#8243; css=&#8221;.vc_custom_1568730434816{margin-bottom: 30px !important;}&#8221;]<div id=\"ultimate-heading-540869f02e425b9ee\" class=\"uvc-heading ult-adjust-bottom-margin ultimate-heading-540869f02e425b9ee uvc-303  uvc-heading-default-font-sizes\" data-hspacer=\"no_spacer\"  data-halign=\"center\" style=\"text-align:center\"><div class=\"uvc-heading-spacer no_spacer\" style=\"top\"><\/div><div class=\"uvc-main-heading ult-responsive\"  data-ultimate-target='.uvc-heading.ultimate-heading-540869f02e425b9ee h5'  data-responsive-json-new='{\"font-size\":\"\",\"line-height\":\"\"}' ><h5 style=\"--font-weight:theme;margin-bottom:20px;\">Natural Interaction<\/h5><\/div><div class=\"uvc-sub-heading ult-responsive\"  data-ultimate-target='.uvc-heading.ultimate-heading-540869f02e425b9ee .uvc-sub-heading '  data-responsive-json-new='{\"font-size\":\"desktop:14px;\",\"line-height\":\"desktop:24px;\"}'  style=\"font-weight:normal;\">ensoinn embraces you with breathtaking vistas amidst nature&#8217;s embrace.<\/div><\/div>[\/vc_column_inner][vc_column_inner width=&#8221;1\/4&#8243; css=&#8221;.vc_custom_1568730455369{margin-bottom: 30px !important;}&#8221;]<div id=\"ultimate-heading-312969f02e425ba95\" class=\"uvc-heading ult-adjust-bottom-margin ultimate-heading-312969f02e425ba95 uvc-8312  uvc-heading-default-font-sizes\" data-hspacer=\"no_spacer\"  data-halign=\"center\" style=\"text-align:center\"><div class=\"uvc-heading-spacer no_spacer\" style=\"top\"><\/div><div class=\"uvc-main-heading ult-responsive\"  data-ultimate-target='.uvc-heading.ultimate-heading-312969f02e425ba95 h5'  data-responsive-json-new='{\"font-size\":\"\",\"line-height\":\"\"}' ><h5 style=\"--font-weight:theme;margin-bottom:20px;\">Historical Connection<\/h5><\/div><div class=\"uvc-sub-heading ult-responsive\"  data-ultimate-target='.uvc-heading.ultimate-heading-312969f02e425ba95 .uvc-sub-heading '  data-responsive-json-new='{\"font-size\":\"desktop:14px;\",\"line-height\":\"desktop:24px;\"}'  style=\"font-weight:normal;\">It boasts the unique atmosphere of Kayak\u00f6y rich in historical heritage.<\/div><\/div>[\/vc_column_inner][vc_column_inner width=&#8221;1\/4&#8243; css=&#8221;.vc_custom_1568730472841{margin-bottom: 30px !important;}&#8221;]<div id=\"ultimate-heading-999369f02e425bb39\" class=\"uvc-heading ult-adjust-bottom-margin ultimate-heading-999369f02e425bb39 uvc-240  uvc-heading-default-font-sizes\" data-hspacer=\"no_spacer\"  data-halign=\"center\" style=\"text-align:center\"><div class=\"uvc-heading-spacer no_spacer\" style=\"top\"><\/div><div class=\"uvc-main-heading ult-responsive\"  data-ultimate-target='.uvc-heading.ultimate-heading-999369f02e425bb39 h5'  data-responsive-json-new='{\"font-size\":\"\",\"line-height\":\"\"}' ><h5 style=\"--font-weight:theme;margin-bottom:20px;\">Delightful Cuisine<\/h5><\/div><div class=\"uvc-sub-heading ult-responsive\"  data-ultimate-target='.uvc-heading.ultimate-heading-999369f02e425bb39 .uvc-sub-heading '  data-responsive-json-new='{\"font-size\":\"desktop:14px;\",\"line-height\":\"desktop:24px;\"}'  style=\"font-weight:normal;\">Discover the finest examples of local flavors at the hotel&#8217;s restaurant.<\/div><\/div>[\/vc_column_inner][vc_column_inner width=&#8221;1\/4&#8243; css=&#8221;.vc_custom_1568730484159{margin-bottom: 30px !important;}&#8221;]<div id=\"ultimate-heading-960269f02e425bbdd\" class=\"uvc-heading ult-adjust-bottom-margin ultimate-heading-960269f02e425bbdd uvc-9368  uvc-heading-default-font-sizes\" data-hspacer=\"no_spacer\"  data-halign=\"center\" style=\"text-align:center\"><div class=\"uvc-heading-spacer no_spacer\" style=\"top\"><\/div><div class=\"uvc-main-heading ult-responsive\"  data-ultimate-target='.uvc-heading.ultimate-heading-960269f02e425bbdd h5'  data-responsive-json-new='{\"font-size\":\"\",\"line-height\":\"\"}' ><h5 style=\"--font-weight:theme;margin-bottom:20px;\">Tranquil Stay<\/h5><\/div><div class=\"uvc-sub-heading ult-responsive\"  data-ultimate-target='.uvc-heading.ultimate-heading-960269f02e425bbdd .uvc-sub-heading '  data-responsive-json-new='{\"font-size\":\"desktop:14px;\",\"line-height\":\"desktop:24px;\"}'  style=\"font-weight:normal;\">Offers an unforgettable stay amidst silence, serenity, and comfort.<\/div><\/div>[\/vc_column_inner][\/vc_row_inner][vc_row_inner][vc_column_inner width=&#8221;1\/4&#8243; css=&#8221;.vc_custom_1568730434816{margin-bottom: 30px !important;}&#8221;]<div id=\"ultimate-heading-670569f02e425bc81\" class=\"uvc-heading ult-adjust-bottom-margin ultimate-heading-670569f02e425bc81 uvc-8163  uvc-heading-default-font-sizes\" data-hspacer=\"no_spacer\"  data-halign=\"center\" style=\"text-align:center\"><div class=\"uvc-heading-spacer no_spacer\" style=\"top\"><\/div><div class=\"uvc-main-heading ult-responsive\"  data-ultimate-target='.uvc-heading.ultimate-heading-670569f02e425bc81 h5'  data-responsive-json-new='{\"font-size\":\"\",\"line-height\":\"\"}' ><h5 style=\"--font-weight:theme;margin-bottom:20px;\">Active Holidays<\/h5><\/div><div class=\"uvc-sub-heading ult-responsive\"  data-ultimate-target='.uvc-heading.ultimate-heading-670569f02e425bc81 .uvc-sub-heading '  data-responsive-json-new='{\"font-size\":\"desktop:14px;\",\"line-height\":\"desktop:24px;\"}'  style=\"font-weight:normal;\">Experience a holiday filled with various activities like nature walks, horseback riding, and more.<\/div><\/div>[\/vc_column_inner][vc_column_inner width=&#8221;1\/4&#8243; css=&#8221;.vc_custom_1568730455369{margin-bottom: 30px !important;}&#8221;]<div id=\"ultimate-heading-631969f02e425bd3a\" class=\"uvc-heading ult-adjust-bottom-margin ultimate-heading-631969f02e425bd3a uvc-7997  uvc-heading-default-font-sizes\" data-hspacer=\"no_spacer\"  data-halign=\"center\" style=\"text-align:center\"><div class=\"uvc-heading-spacer no_spacer\" style=\"top\"><\/div><div class=\"uvc-main-heading ult-responsive\"  data-ultimate-target='.uvc-heading.ultimate-heading-631969f02e425bd3a h5'  data-responsive-json-new='{\"font-size\":\"\",\"line-height\":\"\"}' ><h5 style=\"--font-weight:theme;margin-bottom:20px;\">Modern Comfort<\/h5><\/div><div class=\"uvc-sub-heading ult-responsive\"  data-ultimate-target='.uvc-heading.ultimate-heading-631969f02e425bd3a .uvc-sub-heading '  data-responsive-json-new='{\"font-size\":\"desktop:14px;\",\"line-height\":\"desktop:24px;\"}'  style=\"font-weight:normal;\">Provides a unique stay that combines traditional touches with modern comforts.<\/div><\/div>[\/vc_column_inner][vc_column_inner width=&#8221;1\/4&#8243; css=&#8221;.vc_custom_1568730472841{margin-bottom: 30px !important;}&#8221;]<div id=\"ultimate-heading-598969f02e425bddf\" class=\"uvc-heading ult-adjust-bottom-margin ultimate-heading-598969f02e425bddf uvc-4852  uvc-heading-default-font-sizes\" data-hspacer=\"no_spacer\"  data-halign=\"center\" style=\"text-align:center\"><div class=\"uvc-heading-spacer no_spacer\" style=\"top\"><\/div><div class=\"uvc-main-heading ult-responsive\"  data-ultimate-target='.uvc-heading.ultimate-heading-598969f02e425bddf h5'  data-responsive-json-new='{\"font-size\":\"\",\"line-height\":\"\"}' ><h5 style=\"--font-weight:theme;margin-bottom:20px;\">Mystical Ambiance<\/h5><\/div><div class=\"uvc-sub-heading ult-responsive\"  data-ultimate-target='.uvc-heading.ultimate-heading-598969f02e425bddf .uvc-sub-heading '  data-responsive-json-new='{\"font-size\":\"desktop:14px;\",\"line-height\":\"desktop:24px;\"}'  style=\"font-weight:normal;\">Captivates with its enchanting ambiance and natural beauty.<\/div><\/div>[\/vc_column_inner][vc_column_inner width=&#8221;1\/4&#8243; css=&#8221;.vc_custom_1568730484159{margin-bottom: 30px !important;}&#8221;]<div id=\"ultimate-heading-808769f02e425be82\" class=\"uvc-heading ult-adjust-bottom-margin ultimate-heading-808769f02e425be82 uvc-9464  uvc-heading-default-font-sizes\" data-hspacer=\"no_spacer\"  data-halign=\"center\" style=\"text-align:center\"><div class=\"uvc-heading-spacer no_spacer\" style=\"top\"><\/div><div class=\"uvc-main-heading ult-responsive\"  data-ultimate-target='.uvc-heading.ultimate-heading-808769f02e425be82 h5'  data-responsive-json-new='{\"font-size\":\"\",\"line-height\":\"\"}' ><h5 style=\"--font-weight:theme;margin-bottom:20px;\">Service-Oriented<\/h5><\/div><div class=\"uvc-sub-heading ult-responsive\"  data-ultimate-target='.uvc-heading.ultimate-heading-808769f02e425be82 .uvc-sub-heading '  data-responsive-json-new='{\"font-size\":\"desktop:14px;\",\"line-height\":\"desktop:24px;\"}'  style=\"font-weight:normal;\">Embraces a service ethos meticulously designed for guest satisfaction and comfort.<\/div><\/div>[\/vc_column_inner][\/vc_row_inner][\/vc_column][\/vc_row][vc_row][vc_column][vc_video link=&#8221;https:\/\/youtu.be\/ndT1qiBmE0I?si=qyWgQgT0BaBIGZ2v&#8221;][\/vc_column][\/vc_row]<\/p>\n<\/div>","protected":false},"excerpt":{"rendered":"<p>[vc_row content_placement=&#8221;middle&#8221; css=&#8221;.vc_custom_1568896184714{margin-right: 0px !important;margin-left: 0px !important;padding-bottom: 80px !important;}&#8221;][vc_column parallax=&#8221;content-moving&#8221; parallax_image=&#8221;2200&#8243; width=&#8221;1\/2&#8243; css=&#8221;.vc_custom_1704835553952{margin-top: -60px !important;margin-right: 0px !important;padding-top: 200px !important;padding-right: 0px !important;padding-bottom: 200px !important;}&#8221;][\/vc_column][vc_column width=&#8221;1\/2&#8243; css=&#8221;.vc_custom_1565094314911{padding-top: 140px !important;padding-right: 80px !important;padding-bottom: 130px !important;padding-left: 80px !important;background-color: #ffffff !important;}&#8221;][\/vc_column][\/vc_row][vc_row disable_element=&#8221;yes&#8221;][vc_column][vc_row_inner][vc_column_inner width=&#8221;1\/4&#8243; css=&#8221;.vc_custom_1568730434816{margin-bottom: 30px !important;}&#8221;][\/vc_column_inner][vc_column_inner width=&#8221;1\/4&#8243; css=&#8221;.vc_custom_1568730455369{margin-bottom: 30px !important;}&#8221;][\/vc_column_inner][vc_column_inner width=&#8221;1\/4&#8243; css=&#8221;.vc_custom_1568730472841{margin-bottom: 30px !important;}&#8221;][\/vc_column_inner][vc_column_inner width=&#8221;1\/4&#8243; css=&#8221;.vc_custom_1568730484159{margin-bottom: 30px !important;}&#8221;][\/vc_column_inner][\/vc_row_inner][vc_row_inner][vc_column_inner width=&#8221;1\/4&#8243; css=&#8221;.vc_custom_1568730434816{margin-bottom: 30px&hellip;<\/p>\n","protected":false},"author":1,"featured_media":0,"parent":0,"menu_order":0,"comment_status":"closed","ping_status":"closed","template":"","meta":{"footnotes":""},"class_list":["post-2210","page","type-page","status-publish","hentry","description-off"],"yoast_head":"<!-- This site is optimized with the Yoast SEO plugin v26.6 - https:\/\/yoast.com\/wordpress\/plugins\/seo\/ -->\n<title>Kayak\u00f6y - ensoinn Hotel Kayakoy<\/title>\n<meta name=\"description\" content=\"Kayak\u00f6y is an abandoned Greek village known for its historical and natural beauty in the western part of Turkey. Explore Kayak\u00f6y!\" \/>\n<meta name=\"robots\" content=\"index, follow, max-snippet:-1, max-image-preview:large, max-video-preview:-1\" \/>\n<link rel=\"canonical\" href=\"https:\/\/ensoinn.com\/en\/kayakoy\/\" \/>\n<meta property=\"og:locale\" content=\"en_US\" \/>\n<meta property=\"og:type\" content=\"article\" \/>\n<meta property=\"og:title\" content=\"Kayak\u00f6y - ensoinn Hotel Kayakoy\" \/>\n<meta property=\"og:description\" content=\"Kayak\u00f6y is an abandoned Greek village known for its historical and natural beauty in the western part of Turkey. Explore Kayak\u00f6y!\" \/>\n<meta property=\"og:url\" content=\"https:\/\/ensoinn.com\/en\/kayakoy\/\" \/>\n<meta property=\"og:site_name\" content=\"ensoinn Hotel Kayakoy\" \/>\n<meta property=\"article:modified_time\" content=\"2024-01-14T19:35:46+00:00\" \/>\n<meta name=\"twitter:card\" content=\"summary_large_image\" \/>\n<meta name=\"twitter:label1\" content=\"Est. reading time\" \/>\n\t<meta name=\"twitter:data1\" content=\"3 minutes\" \/>\n<script type=\"application\/ld+json\" class=\"yoast-schema-graph\">{\"@context\":\"https:\/\/schema.org\",\"@graph\":[{\"@type\":\"WebPage\",\"@id\":\"https:\/\/ensoinn.com\/en\/kayakoy\/\",\"url\":\"https:\/\/ensoinn.com\/en\/kayakoy\/\",\"name\":\"Kayak\u00f6y - ensoinn Hotel Kayakoy\",\"isPartOf\":{\"@id\":\"https:\/\/ensoinn.com\/en\/#website\"},\"datePublished\":\"2024-01-09T21:26:10+00:00\",\"dateModified\":\"2024-01-14T19:35:46+00:00\",\"description\":\"Kayak\u00f6y is an abandoned Greek village known for its historical and natural beauty in the western part of Turkey. Explore Kayak\u00f6y!\",\"breadcrumb\":{\"@id\":\"https:\/\/ensoinn.com\/en\/kayakoy\/#breadcrumb\"},\"inLanguage\":\"en-US\",\"potentialAction\":[{\"@type\":\"ReadAction\",\"target\":[\"https:\/\/ensoinn.com\/en\/kayakoy\/\"]}]},{\"@type\":\"BreadcrumbList\",\"@id\":\"https:\/\/ensoinn.com\/en\/kayakoy\/#breadcrumb\",\"itemListElement\":[{\"@type\":\"ListItem\",\"position\":1,\"name\":\"Home\",\"item\":\"https:\/\/ensoinn.com\/en\/\"},{\"@type\":\"ListItem\",\"position\":2,\"name\":\"Kayak\u00f6y\"}]},{\"@type\":\"WebSite\",\"@id\":\"https:\/\/ensoinn.com\/en\/#website\",\"url\":\"https:\/\/ensoinn.com\/en\/\",\"name\":\"ensoinn Hotel Kayakoy\",\"description\":\"\",\"publisher\":{\"@id\":\"https:\/\/ensoinn.com\/en\/#organization\"},\"potentialAction\":[{\"@type\":\"SearchAction\",\"target\":{\"@type\":\"EntryPoint\",\"urlTemplate\":\"https:\/\/ensoinn.com\/en\/?s={search_term_string}\"},\"query-input\":{\"@type\":\"PropertyValueSpecification\",\"valueRequired\":true,\"valueName\":\"search_term_string\"}}],\"inLanguage\":\"en-US\"},{\"@type\":\"Organization\",\"@id\":\"https:\/\/ensoinn.com\/en\/#organization\",\"name\":\"ensoinn Hotel Kayakoy\",\"url\":\"https:\/\/ensoinn.com\/en\/\",\"logo\":{\"@type\":\"ImageObject\",\"inLanguage\":\"en-US\",\"@id\":\"https:\/\/ensoinn.com\/en\/#\/schema\/logo\/image\/\",\"url\":\"https:\/\/ensoinn.com\/en\/wp-content\/uploads\/2023\/12\/ensoinn-360x268-logo-2x.png\",\"contentUrl\":\"https:\/\/ensoinn.com\/en\/wp-content\/uploads\/2023\/12\/ensoinn-360x268-logo-2x.png\",\"width\":360,\"height\":228,\"caption\":\"ensoinn Hotel Kayakoy\"},\"image\":{\"@id\":\"https:\/\/ensoinn.com\/en\/#\/schema\/logo\/image\/\"}}]}<\/script>\n<!-- \/ Yoast SEO plugin. -->","yoast_head_json":{"title":"Kayak\u00f6y - ensoinn Hotel Kayakoy","description":"Kayak\u00f6y is an abandoned Greek village known for its historical and natural beauty in the western part of Turkey. Explore Kayak\u00f6y!","robots":{"index":"index","follow":"follow","max-snippet":"max-snippet:-1","max-image-preview":"max-image-preview:large","max-video-preview":"max-video-preview:-1"},"canonical":"https:\/\/ensoinn.com\/en\/kayakoy\/","og_locale":"en_US","og_type":"article","og_title":"Kayak\u00f6y - ensoinn Hotel Kayakoy","og_description":"Kayak\u00f6y is an abandoned Greek village known for its historical and natural beauty in the western part of Turkey. Explore Kayak\u00f6y!","og_url":"https:\/\/ensoinn.com\/en\/kayakoy\/","og_site_name":"ensoinn Hotel Kayakoy","article_modified_time":"2024-01-14T19:35:46+00:00","twitter_card":"summary_large_image","twitter_misc":{"Est. reading time":"3 minutes"},"schema":{"@context":"https:\/\/schema.org","@graph":[{"@type":"WebPage","@id":"https:\/\/ensoinn.com\/en\/kayakoy\/","url":"https:\/\/ensoinn.com\/en\/kayakoy\/","name":"Kayak\u00f6y - ensoinn Hotel Kayakoy","isPartOf":{"@id":"https:\/\/ensoinn.com\/en\/#website"},"datePublished":"2024-01-09T21:26:10+00:00","dateModified":"2024-01-14T19:35:46+00:00","description":"Kayak\u00f6y is an abandoned Greek village known for its historical and natural beauty in the western part of Turkey. Explore Kayak\u00f6y!","breadcrumb":{"@id":"https:\/\/ensoinn.com\/en\/kayakoy\/#breadcrumb"},"inLanguage":"en-US","potentialAction":[{"@type":"ReadAction","target":["https:\/\/ensoinn.com\/en\/kayakoy\/"]}]},{"@type":"BreadcrumbList","@id":"https:\/\/ensoinn.com\/en\/kayakoy\/#breadcrumb","itemListElement":[{"@type":"ListItem","position":1,"name":"Home","item":"https:\/\/ensoinn.com\/en\/"},{"@type":"ListItem","position":2,"name":"Kayak\u00f6y"}]},{"@type":"WebSite","@id":"https:\/\/ensoinn.com\/en\/#website","url":"https:\/\/ensoinn.com\/en\/","name":"ensoinn Hotel Kayakoy","description":"","publisher":{"@id":"https:\/\/ensoinn.com\/en\/#organization"},"potentialAction":[{"@type":"SearchAction","target":{"@type":"EntryPoint","urlTemplate":"https:\/\/ensoinn.com\/en\/?s={search_term_string}"},"query-input":{"@type":"PropertyValueSpecification","valueRequired":true,"valueName":"search_term_string"}}],"inLanguage":"en-US"},{"@type":"Organization","@id":"https:\/\/ensoinn.com\/en\/#organization","name":"ensoinn Hotel Kayakoy","url":"https:\/\/ensoinn.com\/en\/","logo":{"@type":"ImageObject","inLanguage":"en-US","@id":"https:\/\/ensoinn.com\/en\/#\/schema\/logo\/image\/","url":"https:\/\/ensoinn.com\/en\/wp-content\/uploads\/2023\/12\/ensoinn-360x268-logo-2x.png","contentUrl":"https:\/\/ensoinn.com\/en\/wp-content\/uploads\/2023\/12\/ensoinn-360x268-logo-2x.png","width":360,"height":228,"caption":"ensoinn Hotel Kayakoy"},"image":{"@id":"https:\/\/ensoinn.com\/en\/#\/schema\/logo\/image\/"}}]}},"_links":{"self":[{"href":"https:\/\/ensoinn.com\/en\/wp-json\/wp\/v2\/pages\/2210","targetHints":{"allow":["GET"]}}],"collection":[{"href":"https:\/\/ensoinn.com\/en\/wp-json\/wp\/v2\/pages"}],"about":[{"href":"https:\/\/ensoinn.com\/en\/wp-json\/wp\/v2\/types\/page"}],"author":[{"embeddable":true,"href":"https:\/\/ensoinn.com\/en\/wp-json\/wp\/v2\/users\/1"}],"replies":[{"embeddable":true,"href":"https:\/\/ensoinn.com\/en\/wp-json\/wp\/v2\/comments?post=2210"}],"version-history":[{"count":9,"href":"https:\/\/ensoinn.com\/en\/wp-json\/wp\/v2\/pages\/2210\/revisions"}],"predecessor-version":[{"id":2342,"href":"https:\/\/ensoinn.com\/en\/wp-json\/wp\/v2\/pages\/2210\/revisions\/2342"}],"wp:attachment":[{"href":"https:\/\/ensoinn.com\/en\/wp-json\/wp\/v2\/media?parent=2210"}],"curies":[{"name":"wp","href":"https:\/\/api.w.org\/{rel}","templated":true}]}}